{"id":1323,"date":"2023-11-22T13:08:50","date_gmt":"2023-11-22T12:08:50","guid":{"rendered":"https:\/\/kyokushin-dzierzoniow.pl\/?page_id=1323"},"modified":"2023-11-22T21:19:35","modified_gmt":"2023-11-22T20:19:35","slug":"wiadomosci","status":"publish","type":"page","link":"https:\/\/kyokushin-dzierzoniow.pl\/","title":{"rendered":"Wiadomo\u015bci"},"content":{"rendered":"\n<div class=\"wp-block-uagb-container uagb-block-9f25c97a alignfull uagb-is-root-container\"><div class=\"uagb-container-inner-blocks-wrap\"><\/div><\/div>\n\n\n\n\t\t\t<div class=\"wp-block-uagb-post-carousel uagb-post-grid  uagb-post__image-position-top uagb-post__image-enabled uagb-block-23ce5ccc     uagb-post__arrow-outside uagb-slick-carousel uagb-post__items uagb-post__columns-3 is-carousel uagb-post__columns-tablet-2 uagb-post__columns-mobile-1\" data-total=\"22\" style=\"\">\n\n\t\t\t\t\t\t\t\t\t\t\t\t<article class=\"uagb-post__inner-wrap\">\t\t\t\t\t\t\t\t<div class='uagb-post__image'>\n\t\t\t\t\t\t\t\t\t<a href=\"https:\/\/kyokushin-dzierzoniow.pl\/?p=4029\" target=\"_self\" rel=\"bookmark noopener noreferrer\"><img fetchpriority=\"high\" decoding=\"async\" width=\"960\" height=\"960\" src=\"https:\/\/kyokushin-dzierzoniow.pl\/wp-content\/uploads\/2026\/03\/Dodaj-naglowek-3-4-1024x1024.png\" class=\"attachment-large size-large\" alt=\"\" srcset=\"https:\/\/kyokushin-dzierzoniow.pl\/wp-content\/uploads\/2026\/03\/Dodaj-naglowek-3-4-1024x1024.png 1024w, https:\/\/kyokushin-dzierzoniow.pl\/wp-content\/uploads\/2026\/03\/Dodaj-naglowek-3-4-300x300-1.png 300w, https:\/\/kyokushin-dzierzoniow.pl\/wp-content\/uploads\/2026\/03\/Dodaj-naglowek-3-4-768x768.png 768w, https:\/\/kyokushin-dzierzoniow.pl\/wp-content\/uploads\/2026\/03\/Dodaj-naglowek-3-4-75x75.png 75w\" sizes=\"(max-width: 960px) 100vw, 960px\" \/>\t\t\t\t\t<\/a>\n\t\t\t\t\t\t\t\t\t<\/div>\n\t\t\t\t\t\t<h4 class=\"uagb-post__title uagb-post__text\">\n\t\t\t\t<a href=\"https:\/\/kyokushin-dzierzoniow.pl\/?p=4029\" target=\"_self\" rel=\"bookmark noopener noreferrer\">WESO\u0141YCH \u015aWI\u0104T<\/a>\n\t\t\t<\/h4>\n\t\t\t\t\t\t<div class='uagb-post__text uagb-post-grid-byline'>\n\t\t\t\t\t\t\t\t<time datetime=\"2026-03-31T12:21:39+02:00\" class=\"uagb-post__date\">\n\t\t\t\t<span class=\"dashicons-calendar dashicons\"><\/span>\t\t\t\t\t2026-03-31\t\t\t\t<\/time>\n\t\t\t\t\t\t\t<span class=\"uagb-post__comment\">\n\t\t\t\t<span class=\"dashicons-admin-comments dashicons\"><\/span>\t\t\t\t\tBrak komentarzy\t\t\t\t<\/span>\n\t\t\t\t\t\t<\/div>\n\t\t\t\t\t\t\t<div class='uagb-post__text uagb-post__excerpt'>\n\t\t\t\t\t<p>Treningi odbywaj\u0105 si\u0119 bez zmian z wyj\u0105tkiem Wielkiego Czwartku &#8211; zaj\u0119cia w po\u0142\u0105czonych grupach (Liski&#8230;\t\t\t\t<\/div>\n\t\t\t\t\t\t<div class=\"uagb-post__text uagb-post__cta wp-block-button\">\n\t\t\t\t<a class=\"wp-block-button__link uagb-text-link\" style=\"\" href=\"https:\/\/kyokushin-dzierzoniow.pl\/?p=4029\" target=\"_self\" rel=\"bookmark noopener noreferrer\">Zobacz wi\u0119cej<\/a>\n\t\t\t<\/div>\n\t\t\t\n\t\t\t\t\t\t\t\t\t<\/article>\n\t\t\t\t\t\t\t\t\t\t\t\t\t\t\t\t<article class=\"uagb-post__inner-wrap\">\t\t\t\t\t\t\t\t<div class='uagb-post__image'>\n\t\t\t\t\t\t\t\t\t<a href=\"https:\/\/kyokushin-dzierzoniow.pl\/?p=4024\" target=\"_self\" rel=\"bookmark noopener noreferrer\"><img decoding=\"async\" width=\"960\" height=\"960\" data-src=\"https:\/\/kyokushin-dzierzoniow.pl\/wp-content\/uploads\/2026\/03\/MEMORIAL-MASUTATSU-OYAMY-1024x1024.png\" class=\"attachment-large size-large lazyload\" alt=\"\" data-srcset=\"https:\/\/kyokushin-dzierzoniow.pl\/wp-content\/uploads\/2026\/03\/MEMORIAL-MASUTATSU-OYAMY-1024x1024.png 1024w, https:\/\/kyokushin-dzierzoniow.pl\/wp-content\/uploads\/2026\/03\/MEMORIAL-MASUTATSU-OYAMY-300x300.png 300w, https:\/\/kyokushin-dzierzoniow.pl\/wp-content\/uploads\/2026\/03\/MEMORIAL-MASUTATSU-OYAMY-150x150.png 150w, https:\/\/kyokushin-dzierzoniow.pl\/wp-content\/uploads\/2026\/03\/MEMORIAL-MASUTATSU-OYAMY-768x768.png 768w, https:\/\/kyokushin-dzierzoniow.pl\/wp-content\/uploads\/2026\/03\/MEMORIAL-MASUTATSU-OYAMY-75x75.png 75w\" data-sizes=\"(max-width: 960px) 100vw, 960px\" src=\"data:image\/svg+xml;base64,PHN2ZyB3aWR0aD0iMSIgaGVpZ2h0PSIxIiB4bWxucz0iaHR0cDovL3d3dy53My5vcmcvMjAwMC9zdmciPjwvc3ZnPg==\" style=\"--smush-placeholder-width: 960px; --smush-placeholder-aspect-ratio: 960\/960;\" \/>\t\t\t\t\t<\/a>\n\t\t\t\t\t\t\t\t\t<\/div>\n\t\t\t\t\t\t<h4 class=\"uagb-post__title uagb-post__text\">\n\t\t\t\t<a href=\"https:\/\/kyokushin-dzierzoniow.pl\/?p=4024\" target=\"_self\" rel=\"bookmark noopener noreferrer\">IX MEMORIA\u0141 MASUTATSU OYAMY<\/a>\n\t\t\t<\/h4>\n\t\t\t\t\t\t<div class='uagb-post__text uagb-post-grid-byline'>\n\t\t\t\t\t\t\t\t<time datetime=\"2026-03-28T21:14:12+01:00\" class=\"uagb-post__date\">\n\t\t\t\t<span class=\"dashicons-calendar dashicons\"><\/span>\t\t\t\t\t2026-03-28\t\t\t\t<\/time>\n\t\t\t\t\t\t\t<span class=\"uagb-post__comment\">\n\t\t\t\t<span class=\"dashicons-admin-comments dashicons\"><\/span>\t\t\t\t\tBrak komentarzy\t\t\t\t<\/span>\n\t\t\t\t\t\t<\/div>\n\t\t\t\t\t\t\t<div class='uagb-post__text uagb-post__excerpt'>\n\t\t\t\t\t<p>REGULAMIN 9 Memria\u0142 Mas OyamyPobierz<\/p>\n\t\t\t\t<\/div>\n\t\t\t\t\t\t<div class=\"uagb-post__text uagb-post__cta wp-block-button\">\n\t\t\t\t<a class=\"wp-block-button__link uagb-text-link\" style=\"\" href=\"https:\/\/kyokushin-dzierzoniow.pl\/?p=4024\" target=\"_self\" rel=\"bookmark noopener noreferrer\">Zobacz wi\u0119cej<\/a>\n\t\t\t<\/div>\n\t\t\t\n\t\t\t\t\t\t\t\t\t<\/article>\n\t\t\t\t\t\t\t\t\t\t\t\t\t\t\t\t<article class=\"uagb-post__inner-wrap\">\t\t\t\t\t\t\t\t<div class='uagb-post__image'>\n\t\t\t\t\t\t\t\t\t<a href=\"https:\/\/kyokushin-dzierzoniow.pl\/?p=4018\" target=\"_self\" rel=\"bookmark noopener noreferrer\"><img decoding=\"async\" width=\"960\" height=\"960\" data-src=\"https:\/\/kyokushin-dzierzoniow.pl\/wp-content\/uploads\/2026\/03\/20260314_155748-1024x1024.jpg\" class=\"attachment-large size-large lazyload\" alt=\"\" data-srcset=\"https:\/\/kyokushin-dzierzoniow.pl\/wp-content\/uploads\/2026\/03\/20260314_155748-1024x1024.jpg 1024w, https:\/\/kyokushin-dzierzoniow.pl\/wp-content\/uploads\/2026\/03\/20260314_155748-300x300.jpg 300w, https:\/\/kyokushin-dzierzoniow.pl\/wp-content\/uploads\/2026\/03\/20260314_155748-150x150.jpg 150w, https:\/\/kyokushin-dzierzoniow.pl\/wp-content\/uploads\/2026\/03\/20260314_155748-768x768.jpg 768w, https:\/\/kyokushin-dzierzoniow.pl\/wp-content\/uploads\/2026\/03\/20260314_155748-75x75.jpg 75w\" data-sizes=\"(max-width: 960px) 100vw, 960px\" src=\"data:image\/svg+xml;base64,PHN2ZyB3aWR0aD0iMSIgaGVpZ2h0PSIxIiB4bWxucz0iaHR0cDovL3d3dy53My5vcmcvMjAwMC9zdmciPjwvc3ZnPg==\" style=\"--smush-placeholder-width: 960px; --smush-placeholder-aspect-ratio: 960\/960;\" \/>\t\t\t\t\t<\/a>\n\t\t\t\t\t\t\t\t\t<\/div>\n\t\t\t\t\t\t<h4 class=\"uagb-post__title uagb-post__text\">\n\t\t\t\t<a href=\"https:\/\/kyokushin-dzierzoniow.pl\/?p=4018\" target=\"_self\" rel=\"bookmark noopener noreferrer\">Z\u0141OTY MEDAL PAULINY<\/a>\n\t\t\t<\/h4>\n\t\t\t\t\t\t<div class='uagb-post__text uagb-post-grid-byline'>\n\t\t\t\t\t\t\t\t<time datetime=\"2026-03-17T13:17:45+01:00\" class=\"uagb-post__date\">\n\t\t\t\t<span class=\"dashicons-calendar dashicons\"><\/span>\t\t\t\t\t2026-03-17\t\t\t\t<\/time>\n\t\t\t\t\t\t\t<span class=\"uagb-post__comment\">\n\t\t\t\t<span class=\"dashicons-admin-comments dashicons\"><\/span>\t\t\t\t\tBrak komentarzy\t\t\t\t<\/span>\n\t\t\t\t\t\t<\/div>\n\t\t\t\t\t\t\t<div class='uagb-post__text uagb-post__excerpt'>\n\t\t\t\t\t<p>14 marca w hali OSiR w Pniewach odby\u0142y si\u0119 Otwarte Mistrzostwa Wielkopolski, kt\u00f3re zgromadzi\u0142y 230&#8230;\t\t\t\t<\/div>\n\t\t\t\t\t\t<div class=\"uagb-post__text uagb-post__cta wp-block-button\">\n\t\t\t\t<a class=\"wp-block-button__link uagb-text-link\" style=\"\" href=\"https:\/\/kyokushin-dzierzoniow.pl\/?p=4018\" target=\"_self\" rel=\"bookmark noopener noreferrer\">Zobacz wi\u0119cej<\/a>\n\t\t\t<\/div>\n\t\t\t\n\t\t\t\t\t\t\t\t\t<\/article>\n\t\t\t\t\t\t\t\t\t\t\t\t\t\t\t\t<article class=\"uagb-post__inner-wrap\">\t\t\t\t\t\t\t\t<div class='uagb-post__image'>\n\t\t\t\t\t\t\t\t\t<a href=\"https:\/\/kyokushin-dzierzoniow.pl\/?p=3984\" target=\"_self\" rel=\"bookmark noopener noreferrer\"><img decoding=\"async\" width=\"960\" height=\"960\" data-src=\"https:\/\/kyokushin-dzierzoniow.pl\/wp-content\/uploads\/2026\/03\/LICENCJA-2026-1024x1024.jpg\" class=\"attachment-large size-large lazyload\" alt=\"\" data-srcset=\"https:\/\/kyokushin-dzierzoniow.pl\/wp-content\/uploads\/2026\/03\/LICENCJA-2026-1024x1024.jpg 1024w, https:\/\/kyokushin-dzierzoniow.pl\/wp-content\/uploads\/2026\/03\/LICENCJA-2026-300x300.jpg 300w, https:\/\/kyokushin-dzierzoniow.pl\/wp-content\/uploads\/2026\/03\/LICENCJA-2026-150x150.jpg 150w, https:\/\/kyokushin-dzierzoniow.pl\/wp-content\/uploads\/2026\/03\/LICENCJA-2026-768x768.jpg 768w, https:\/\/kyokushin-dzierzoniow.pl\/wp-content\/uploads\/2026\/03\/LICENCJA-2026-75x75.jpg 75w\" data-sizes=\"(max-width: 960px) 100vw, 960px\" src=\"data:image\/svg+xml;base64,PHN2ZyB3aWR0aD0iMSIgaGVpZ2h0PSIxIiB4bWxucz0iaHR0cDovL3d3dy53My5vcmcvMjAwMC9zdmciPjwvc3ZnPg==\" style=\"--smush-placeholder-width: 960px; --smush-placeholder-aspect-ratio: 960\/960;\" \/>\t\t\t\t\t<\/a>\n\t\t\t\t\t\t\t\t\t<\/div>\n\t\t\t\t\t\t<h4 class=\"uagb-post__title uagb-post__text\">\n\t\t\t\t<a href=\"https:\/\/kyokushin-dzierzoniow.pl\/?p=3984\" target=\"_self\" rel=\"bookmark noopener noreferrer\">LIcencja Polskiego Zwi\u0105zku Kyokushin IKO POLAND<\/a>\n\t\t\t<\/h4>\n\t\t\t\t\t\t<div class='uagb-post__text uagb-post-grid-byline'>\n\t\t\t\t\t\t\t\t<time datetime=\"2026-03-11T10:02:05+01:00\" class=\"uagb-post__date\">\n\t\t\t\t<span class=\"dashicons-calendar dashicons\"><\/span>\t\t\t\t\t2026-03-11\t\t\t\t<\/time>\n\t\t\t\t\t\t\t<span class=\"uagb-post__comment\">\n\t\t\t\t<span class=\"dashicons-admin-comments dashicons\"><\/span>\t\t\t\t\tBrak komentarzy\t\t\t\t<\/span>\n\t\t\t\t\t\t<\/div>\n\t\t\t\t\t\t\t<div class='uagb-post__text uagb-post__excerpt'>\n\t\t\t\t\t<p>Podczas 15th IKO Polish Fighters Camp nasz klub otrzyma\u0142 licencj\u0119 Polskiego Zwi\u0105zku Kyokushin IKO POLAND.<\/p>\n\t\t\t\t<\/div>\n\t\t\t\t\t\t<div class=\"uagb-post__text uagb-post__cta wp-block-button\">\n\t\t\t\t<a class=\"wp-block-button__link uagb-text-link\" style=\"\" href=\"https:\/\/kyokushin-dzierzoniow.pl\/?p=3984\" target=\"_self\" rel=\"bookmark noopener noreferrer\">Zobacz wi\u0119cej<\/a>\n\t\t\t<\/div>\n\t\t\t\n\t\t\t\t\t\t\t\t\t<\/article>\n\t\t\t\t\t\t\t\t\t\t\t\t\t\t\t\t<article class=\"uagb-post__inner-wrap\">\t\t\t\t\t\t\t\t<div class='uagb-post__image'>\n\t\t\t\t\t\t\t\t\t<a href=\"https:\/\/kyokushin-dzierzoniow.pl\/?p=3967\" target=\"_self\" rel=\"bookmark noopener noreferrer\"><img decoding=\"async\" width=\"960\" height=\"960\" data-src=\"https:\/\/kyokushin-dzierzoniow.pl\/wp-content\/uploads\/2026\/03\/649853877_122213526536505227_1690098252198722948_n-1024x1024.jpg\" class=\"attachment-large size-large lazyload\" alt=\"\" data-srcset=\"https:\/\/kyokushin-dzierzoniow.pl\/wp-content\/uploads\/2026\/03\/649853877_122213526536505227_1690098252198722948_n-1024x1024.jpg 1024w, https:\/\/kyokushin-dzierzoniow.pl\/wp-content\/uploads\/2026\/03\/649853877_122213526536505227_1690098252198722948_n-300x300.jpg 300w, https:\/\/kyokushin-dzierzoniow.pl\/wp-content\/uploads\/2026\/03\/649853877_122213526536505227_1690098252198722948_n-150x150.jpg 150w, https:\/\/kyokushin-dzierzoniow.pl\/wp-content\/uploads\/2026\/03\/649853877_122213526536505227_1690098252198722948_n-768x768.jpg 768w, https:\/\/kyokushin-dzierzoniow.pl\/wp-content\/uploads\/2026\/03\/649853877_122213526536505227_1690098252198722948_n-75x75.jpg 75w\" data-sizes=\"(max-width: 960px) 100vw, 960px\" src=\"data:image\/svg+xml;base64,PHN2ZyB3aWR0aD0iMSIgaGVpZ2h0PSIxIiB4bWxucz0iaHR0cDovL3d3dy53My5vcmcvMjAwMC9zdmciPjwvc3ZnPg==\" style=\"--smush-placeholder-width: 960px; --smush-placeholder-aspect-ratio: 960\/960;\" \/>\t\t\t\t\t<\/a>\n\t\t\t\t\t\t\t\t\t<\/div>\n\t\t\t\t\t\t<h4 class=\"uagb-post__title uagb-post__text\">\n\t\t\t\t<a href=\"https:\/\/kyokushin-dzierzoniow.pl\/?p=3967\" target=\"_self\" rel=\"bookmark noopener noreferrer\">15th IKO Polish Fighters Camp<\/a>\n\t\t\t<\/h4>\n\t\t\t\t\t\t<div class='uagb-post__text uagb-post-grid-byline'>\n\t\t\t\t\t\t\t\t<time datetime=\"2026-03-11T09:54:24+01:00\" class=\"uagb-post__date\">\n\t\t\t\t<span class=\"dashicons-calendar dashicons\"><\/span>\t\t\t\t\t2026-03-11\t\t\t\t<\/time>\n\t\t\t\t\t\t\t<span class=\"uagb-post__comment\">\n\t\t\t\t<span class=\"dashicons-admin-comments dashicons\"><\/span>\t\t\t\t\tBrak komentarzy\t\t\t\t<\/span>\n\t\t\t\t\t\t<\/div>\n\t\t\t\t\t\t\t<div class='uagb-post__text uagb-post__excerpt'>\n\t\t\t\t\t<p>15th IKO Polish Fighters Camp Lublin, 06\u201308.03.2026 W dniach 6\u20138 marca 2026 roku mieli\u015bmy zaszczyt&#8230;\t\t\t\t<\/div>\n\t\t\t\t\t\t<div class=\"uagb-post__text uagb-post__cta wp-block-button\">\n\t\t\t\t<a class=\"wp-block-button__link uagb-text-link\" style=\"\" href=\"https:\/\/kyokushin-dzierzoniow.pl\/?p=3967\" target=\"_self\" rel=\"bookmark noopener noreferrer\">Zobacz wi\u0119cej<\/a>\n\t\t\t<\/div>\n\t\t\t\n\t\t\t\t\t\t\t\t\t<\/article>\n\t\t\t\t\t\t\t\t\t\t\t\t\t\t\t\t<article class=\"uagb-post__inner-wrap\">\t\t\t\t\t\t\t\t<div class='uagb-post__image'>\n\t\t\t\t\t\t\t\t\t<a href=\"https:\/\/kyokushin-dzierzoniow.pl\/?p=3960\" target=\"_self\" rel=\"bookmark noopener noreferrer\"><img decoding=\"async\" width=\"960\" height=\"960\" data-src=\"https:\/\/kyokushin-dzierzoniow.pl\/wp-content\/uploads\/2026\/03\/XI-gala-sportu-1024x1024.jpg\" class=\"attachment-large size-large lazyload\" alt=\"\" data-srcset=\"https:\/\/kyokushin-dzierzoniow.pl\/wp-content\/uploads\/2026\/03\/XI-gala-sportu-1024x1024.jpg 1024w, https:\/\/kyokushin-dzierzoniow.pl\/wp-content\/uploads\/2026\/03\/XI-gala-sportu-300x300.jpg 300w, https:\/\/kyokushin-dzierzoniow.pl\/wp-content\/uploads\/2026\/03\/XI-gala-sportu-150x150.jpg 150w, https:\/\/kyokushin-dzierzoniow.pl\/wp-content\/uploads\/2026\/03\/XI-gala-sportu-768x768.jpg 768w, https:\/\/kyokushin-dzierzoniow.pl\/wp-content\/uploads\/2026\/03\/XI-gala-sportu-75x75.jpg 75w\" data-sizes=\"(max-width: 960px) 100vw, 960px\" src=\"data:image\/svg+xml;base64,PHN2ZyB3aWR0aD0iMSIgaGVpZ2h0PSIxIiB4bWxucz0iaHR0cDovL3d3dy53My5vcmcvMjAwMC9zdmciPjwvc3ZnPg==\" style=\"--smush-placeholder-width: 960px; --smush-placeholder-aspect-ratio: 960\/960;\" \/>\t\t\t\t\t<\/a>\n\t\t\t\t\t\t\t\t\t<\/div>\n\t\t\t\t\t\t<h4 class=\"uagb-post__title uagb-post__text\">\n\t\t\t\t<a href=\"https:\/\/kyokushin-dzierzoniow.pl\/?p=3960\" target=\"_self\" rel=\"bookmark noopener noreferrer\">XI Dzier\u017coniowska Gala Sportu<\/a>\n\t\t\t<\/h4>\n\t\t\t\t\t\t<div class='uagb-post__text uagb-post-grid-byline'>\n\t\t\t\t\t\t\t\t<time datetime=\"2026-03-11T09:41:13+01:00\" class=\"uagb-post__date\">\n\t\t\t\t<span class=\"dashicons-calendar dashicons\"><\/span>\t\t\t\t\t2026-03-11\t\t\t\t<\/time>\n\t\t\t\t\t\t\t<span class=\"uagb-post__comment\">\n\t\t\t\t<span class=\"dashicons-admin-comments dashicons\"><\/span>\t\t\t\t\tBrak komentarzy\t\t\t\t<\/span>\n\t\t\t\t\t\t<\/div>\n\t\t\t\t\t\t\t<div class='uagb-post__text uagb-post__excerpt'>\n\t\t\t\t\t<p>Podw\u00f3jne wyr\u00f3\u017cnienie dla Tomek Sta\u015bciuk na XI Dzier\u017coniowskiej Gali Sportu. Kapitu\u0142a nagrodzi\u0142a jego indywidualne osiagni\u0119cia&#8230;\t\t\t\t<\/div>\n\t\t\t\t\t\t<div class=\"uagb-post__text uagb-post__cta wp-block-button\">\n\t\t\t\t<a class=\"wp-block-button__link uagb-text-link\" style=\"\" href=\"https:\/\/kyokushin-dzierzoniow.pl\/?p=3960\" target=\"_self\" rel=\"bookmark noopener noreferrer\">Zobacz wi\u0119cej<\/a>\n\t\t\t<\/div>\n\t\t\t\n\t\t\t\t\t\t\t\t\t<\/article>\n\t\t\t\t\t\t\t\t\t\t\t<\/div>\n\t\t\t","protected":false},"excerpt":{"rendered":"","protected":false},"author":1,"featured_media":0,"parent":0,"menu_order":29,"comment_status":"closed","ping_status":"closed","template":"","meta":{"_crdt_document":"","_uag_custom_page_level_css":"","_themeisle_gutenberg_block_has_review":false,"_vp_format_video_url":"","_vp_image_focal_point":[],"footnotes":""},"class_list":["post-1323","page","type-page","status-publish","hentry"],"uagb_featured_image_src":{"full":false,"thumbnail":false,"medium":false,"medium_large":false,"large":false,"1536x1536":false,"2048x2048":false,"bard-slider-full-thumbnail":false,"bard-full-thumbnail":false,"bard-grid-thumbnail":false,"bard-list-thumbnail":false,"bard-single-navigation":false,"vp_sm":false,"vp_md":false,"vp_lg":false,"vp_xl":false,"vp_sm_popup":false,"vp_md_popup":false,"vp_xl_popup":false},"uagb_author_info":{"display_name":"admin-uq72OCnK","author_link":"https:\/\/kyokushin-dzierzoniow.pl\/?author=1"},"uagb_comment_info":0,"uagb_excerpt":null,"_links":{"self":[{"href":"https:\/\/kyokushin-dzierzoniow.pl\/index.php?rest_route=\/wp\/v2\/pages\/1323","targetHints":{"allow":["GET"]}}],"collection":[{"href":"https:\/\/kyokushin-dzierzoniow.pl\/index.php?rest_route=\/wp\/v2\/pages"}],"about":[{"href":"https:\/\/kyokushin-dzierzoniow.pl\/index.php?rest_route=\/wp\/v2\/types\/page"}],"author":[{"embeddable":true,"href":"https:\/\/kyokushin-dzierzoniow.pl\/index.php?rest_route=\/wp\/v2\/users\/1"}],"replies":[{"embeddable":true,"href":"https:\/\/kyokushin-dzierzoniow.pl\/index.php?rest_route=%2Fwp%2Fv2%2Fcomments&post=1323"}],"version-history":[{"count":2,"href":"https:\/\/kyokushin-dzierzoniow.pl\/index.php?rest_route=\/wp\/v2\/pages\/1323\/revisions"}],"predecessor-version":[{"id":1417,"href":"https:\/\/kyokushin-dzierzoniow.pl\/index.php?rest_route=\/wp\/v2\/pages\/1323\/revisions\/1417"}],"wp:attachment":[{"href":"https:\/\/kyokushin-dzierzoniow.pl\/index.php?rest_route=%2Fwp%2Fv2%2Fmedia&parent=1323"}],"curies":[{"name":"wp","href":"https:\/\/api.w.org\/{rel}","templated":true}]}}